{"id":28,"date":"2020-01-01T13:00:39","date_gmt":"2020-01-01T12:00:39","guid":{"rendered":"https:\/\/tuu.de\/?page_id=28"},"modified":"2025-02-22T09:47:30","modified_gmt":"2025-02-22T08:47:30","slug":"home","status":"publish","type":"page","link":"https:\/\/tuu.de\/","title":{"rendered":"Hallo zusammen."},"content":{"rendered":"\n<p><\/p>\n\n\n\n<p>Ich m\u00f6chte auf dieser Seite zeigen\/zusammentragen, welche M\u00f6glichkeiten des Tunings eines Buggy 1\/8 und eines Nitromotors gibt. Es sollen immer mehr Themengebiete hinzu kommen. Im Laufe der Zeit, soll hier eine Wissensdatenbank entstehen, die f\u00fcr Beginner und Profis gleicherma\u00dfen eine Hilfe ist. Anregungen und Vorschl\u00e4ge sind gerne willkommen.<\/p>\n\n\n\n<p>Selbstverst\u00e4ndlich sind alle Angaben auf dieser Seite eine Hilfe, wof\u00fcr ich nat\u00fcrlich keinerlei Verantwortung  eures Handelns \u00fcbernehme.<\/p>\n\n\n\n<p>Gerne fordere ich euch auf, mitzumachen und Beitr\u00e4ge beizusteuern. Ich hoffe ganz stark auf Eure Mitarbeit. So haben alle was davon. <br>Herzlichen  Dank.<\/p>\n\n\n\n<p>Ihr k\u00f6nnt mich unter &#8222;uweh (at) tuu.de&#8220; erreichen<br>Viel Spa\u00df beim st\u00f6bern<br>euer Uwe <\/p>\n","protected":false},"excerpt":{"rendered":"<p>Ich m\u00f6chte auf dieser Seite zeigen\/zusammentragen, welche M\u00f6glichkeiten des Tunings eines Buggy 1\/8 und eines Nitromotors gibt. Es sollen immer mehr Themengebiete hinzu kommen. Im&#8230;<\/p>\n","protected":false},"author":1,"featured_media":650,"parent":0,"menu_order":0,"comment_status":"closed","ping_status":"closed","template":"","meta":{"footnotes":""},"class_list":["post-28","page","type-page","status-publish","has-post-thumbnail","hentry"],"_links":{"self":[{"href":"https:\/\/tuu.de\/index.php?rest_route=\/wp\/v2\/pages\/28","targetHints":{"allow":["GET"]}}],"collection":[{"href":"https:\/\/tuu.de\/index.php?rest_route=\/wp\/v2\/pages"}],"about":[{"href":"https:\/\/tuu.de\/index.php?rest_route=\/wp\/v2\/types\/page"}],"author":[{"embeddable":true,"href":"https:\/\/tuu.de\/index.php?rest_route=\/wp\/v2\/users\/1"}],"replies":[{"embeddable":true,"href":"https:\/\/tuu.de\/index.php?rest_route=%2Fwp%2Fv2%2Fcomments&post=28"}],"version-history":[{"count":8,"href":"https:\/\/tuu.de\/index.php?rest_route=\/wp\/v2\/pages\/28\/revisions"}],"predecessor-version":[{"id":651,"href":"https:\/\/tuu.de\/index.php?rest_route=\/wp\/v2\/pages\/28\/revisions\/651"}],"wp:featuredmedia":[{"embeddable":true,"href":"https:\/\/tuu.de\/index.php?rest_route=\/wp\/v2\/media\/650"}],"wp:attachment":[{"href":"https:\/\/tuu.de\/index.php?rest_route=%2Fwp%2Fv2%2Fmedia&parent=28"}],"curies":[{"name":"wp","href":"https:\/\/api.w.org\/{rel}","templated":true}]}}