{"id":356,"date":"2021-04-12T19:42:49","date_gmt":"2021-04-12T18:42:49","guid":{"rendered":"https:\/\/tuu.de\/?page_id=356"},"modified":"2022-08-21T09:12:48","modified_gmt":"2022-08-21T08:12:48","slug":"was-ist-moeglich","status":"publish","type":"page","link":"https:\/\/tuu.de\/?page_id=356","title":{"rendered":"Was ist m\u00f6glich"},"content":{"rendered":"\n<div class=\"wp-block-columns is-layout-flex wp-container-core-columns-is-layout-1 wp-block-columns-is-layout-flex\">\n<div class=\"wp-block-column is-layout-flow wp-block-column-is-layout-flow\" style=\"flex-basis:100%\">\n<ul class=\"wp-block-list\"><li>&#8211; Motor Aufbereitung: Reinigen innen und au\u00dfen, komplette Demontage aller Teile, Pr\u00fcfen der Teile auf Besch\u00e4digung. Zusammenstellen der n\u00f6tigen Ma\u00dfnahmen<\/li><li>&#8211; Nachklemmen: Abgelaufene Garnituren k\u00f6nnen nachgeklemmt werden, auch mehrmals<\/li><li>&#8211; Austausch des vorderen und\/oder hinteren Lager, zB. in Keramiklager<\/li><li>&#8211; Auswuchten \/ nachwuchten der Kurbelwelle<\/li><li>&#8211; Tunen der Laufgarnitur und \/oder des ganzen Motors in mehreren Stufen m\u00f6glich<\/li><li>&#8211; Kurbelwelle Silikoneinlage erneuern<\/li><\/ul>\n<\/div>\n<\/div>\n\n\n\n<p>und vieles mehr, lasst euch \u00fcberraschen<\/p>\n\n\n\n<p>Uwe Heisig  uweh[a]tuu.de<\/p>\n\n\n\n<p><\/p>\n","protected":false},"excerpt":{"rendered":"<p>&#8211; Motor Aufbereitung: Reinigen innen und au\u00dfen, komplette Demontage aller Teile, Pr\u00fcfen der Teile auf Besch\u00e4digung. Zusammenstellen der n\u00f6tigen Ma\u00dfnahmen &#8211; Nachklemmen: Abgelaufene Garnituren k\u00f6nnen&#8230;<\/p>\n","protected":false},"author":1,"featured_media":0,"parent":0,"menu_order":0,"comment_status":"closed","ping_status":"closed","template":"","meta":{"footnotes":""},"class_list":["post-356","page","type-page","status-publish","hentry"],"_links":{"self":[{"href":"https:\/\/tuu.de\/index.php?rest_route=\/wp\/v2\/pages\/356","targetHints":{"allow":["GET"]}}],"collection":[{"href":"https:\/\/tuu.de\/index.php?rest_route=\/wp\/v2\/pages"}],"about":[{"href":"https:\/\/tuu.de\/index.php?rest_route=\/wp\/v2\/types\/page"}],"author":[{"embeddable":true,"href":"https:\/\/tuu.de\/index.php?rest_route=\/wp\/v2\/users\/1"}],"replies":[{"embeddable":true,"href":"https:\/\/tuu.de\/index.php?rest_route=%2Fwp%2Fv2%2Fcomments&post=356"}],"version-history":[{"count":5,"href":"https:\/\/tuu.de\/index.php?rest_route=\/wp\/v2\/pages\/356\/revisions"}],"predecessor-version":[{"id":510,"href":"https:\/\/tuu.de\/index.php?rest_route=\/wp\/v2\/pages\/356\/revisions\/510"}],"wp:attachment":[{"href":"https:\/\/tuu.de\/index.php?rest_route=%2Fwp%2Fv2%2Fmedia&parent=356"}],"curies":[{"name":"wp","href":"https:\/\/api.w.org\/{rel}","templated":true}]}}