{"id":512,"date":"2022-10-28T19:58:57","date_gmt":"2022-10-28T18:58:57","guid":{"rendered":"https:\/\/tuu.de\/?page_id=512"},"modified":"2022-10-28T20:17:39","modified_gmt":"2022-10-28T19:17:39","slug":"startbox","status":"publish","type":"page","link":"https:\/\/tuu.de\/?page_id=512","title":{"rendered":"Startbox"},"content":{"rendered":"\n<p>Wer hat sich nicht schon einmal \u00fcber eine kaputte Startbox ge\u00e4rgert. Reibscheibe kaputt, Batterie leer oder einfach nur schlecht eingestellte Arretierung. Hier sind mal ein paar Bilder, wie von einer Standartstartbox eine Luxus_Startbox wird.<\/p>\n\n\n\n<p>Verbaut wurden hier nur hochwertige Produkte um eine m\u00f6glichst lange Lebensdauer zu gew\u00e4hrleisten. Denn nicht ist \u00e4rgerlicher als eine kaputte Startbox beim Finalstart&#8230;<\/p>\n\n\n\n<div class=\"wp-block-columns is-layout-flex wp-container-core-columns-is-layout-1 wp-block-columns-is-layout-flex\">\n<div class=\"wp-block-column is-layout-flow wp-block-column-is-layout-flow\" style=\"flex-basis:100%\">\n<p>Der Schlie\u00dfkontakt wurde zur Ansteuerung eines Relais benutzt, um den irren Verschlei\u00df des Schalters durch ein KFZ-Relais zu ersetzen.<br>Als Akku wurde ein 4S LiFe 6000mAh verbaut, der ist leicht und hat mehr als genug Kapazit\u00e4t um mehrere Rennen<br>ohne Aufladung durchzuhalten.<br>An der Stirnseite habe ich einen Ein\/Aus Schalter mit einer integrierten gr\u00fcnen LED verbaut, damit hat man sofort<br>die Bereitschaft im Auge.<br>Eine nach au\u00dfen hin gef\u00fchrte Ladebuchse f\u00fcr den Balancer runden die Highlights ab. Somit ist ein Aufladen ohne Demontage m\u00f6glich<\/p>\n<\/div>\n<\/div>\n\n\n\n<figure class=\"wp-block-gallery columns-3 is-cropped wp-block-gallery-1 is-layout-flex wp-block-gallery-is-layout-flex\"><ul class=\"blocks-gallery-grid\"><li class=\"blocks-gallery-item\"><figure><img loading=\"lazy\" decoding=\"async\" width=\"1024\" height=\"768\" src=\"https:\/\/tuu.de\/wp-content\/uploads\/2022\/10\/IMG20221008002304-1024x768.jpg\" alt=\"\" data-id=\"513\" data-full-url=\"https:\/\/tuu.de\/wp-content\/uploads\/2022\/10\/IMG20221008002304-scaled.jpg\" data-link=\"https:\/\/tuu.de\/?attachment_id=513\" class=\"wp-image-513\" srcset=\"https:\/\/tuu.de\/wp-content\/uploads\/2022\/10\/IMG20221008002304-1024x768.jpg 1024w, https:\/\/tuu.de\/wp-content\/uploads\/2022\/10\/IMG20221008002304-300x225.jpg 300w, https:\/\/tuu.de\/wp-content\/uploads\/2022\/10\/IMG20221008002304-768x576.jpg 768w, https:\/\/tuu.de\/wp-content\/uploads\/2022\/10\/IMG20221008002304-1536x1152.jpg 1536w, https:\/\/tuu.de\/wp-content\/uploads\/2022\/10\/IMG20221008002304-2048x1536.jpg 2048w\" sizes=\"auto, (max-width: 1024px) 100vw, 1024px\" \/><\/figure><\/li><li class=\"blocks-gallery-item\"><figure><img loading=\"lazy\" decoding=\"async\" width=\"1024\" height=\"768\" src=\"https:\/\/tuu.de\/wp-content\/uploads\/2022\/10\/IMG20220103192109-1024x768.jpg\" alt=\"\" data-id=\"514\" data-full-url=\"https:\/\/tuu.de\/wp-content\/uploads\/2022\/10\/IMG20220103192109-scaled.jpg\" data-link=\"https:\/\/tuu.de\/?attachment_id=514\" class=\"wp-image-514\" srcset=\"https:\/\/tuu.de\/wp-content\/uploads\/2022\/10\/IMG20220103192109-1024x768.jpg 1024w, https:\/\/tuu.de\/wp-content\/uploads\/2022\/10\/IMG20220103192109-300x225.jpg 300w, https:\/\/tuu.de\/wp-content\/uploads\/2022\/10\/IMG20220103192109-768x576.jpg 768w, https:\/\/tuu.de\/wp-content\/uploads\/2022\/10\/IMG20220103192109-1536x1152.jpg 1536w, https:\/\/tuu.de\/wp-content\/uploads\/2022\/10\/IMG20220103192109-2048x1536.jpg 2048w\" sizes=\"auto, (max-width: 1024px) 100vw, 1024px\" \/><\/figure><\/li><li class=\"blocks-gallery-item\"><figure><img loading=\"lazy\" decoding=\"async\" width=\"1024\" height=\"768\" src=\"https:\/\/tuu.de\/wp-content\/uploads\/2022\/10\/IMG20221008001622-1024x768.jpg\" alt=\"\" data-id=\"515\" data-full-url=\"https:\/\/tuu.de\/wp-content\/uploads\/2022\/10\/IMG20221008001622-scaled.jpg\" data-link=\"https:\/\/tuu.de\/?attachment_id=515\" class=\"wp-image-515\" srcset=\"https:\/\/tuu.de\/wp-content\/uploads\/2022\/10\/IMG20221008001622-1024x768.jpg 1024w, https:\/\/tuu.de\/wp-content\/uploads\/2022\/10\/IMG20221008001622-300x225.jpg 300w, https:\/\/tuu.de\/wp-content\/uploads\/2022\/10\/IMG20221008001622-768x576.jpg 768w, https:\/\/tuu.de\/wp-content\/uploads\/2022\/10\/IMG20221008001622-1536x1152.jpg 1536w, https:\/\/tuu.de\/wp-content\/uploads\/2022\/10\/IMG20221008001622-2048x1536.jpg 2048w\" sizes=\"auto, (max-width: 1024px) 100vw, 1024px\" \/><\/figure><\/li><li class=\"blocks-gallery-item\"><figure><img loading=\"lazy\" decoding=\"async\" width=\"768\" height=\"1024\" src=\"https:\/\/tuu.de\/wp-content\/uploads\/2022\/10\/IMG20221008001647-768x1024.jpg\" alt=\"\" data-id=\"516\" data-full-url=\"https:\/\/tuu.de\/wp-content\/uploads\/2022\/10\/IMG20221008001647-scaled.jpg\" data-link=\"https:\/\/tuu.de\/?attachment_id=516\" class=\"wp-image-516\" srcset=\"https:\/\/tuu.de\/wp-content\/uploads\/2022\/10\/IMG20221008001647-768x1024.jpg 768w, https:\/\/tuu.de\/wp-content\/uploads\/2022\/10\/IMG20221008001647-225x300.jpg 225w, https:\/\/tuu.de\/wp-content\/uploads\/2022\/10\/IMG20221008001647-1152x1536.jpg 1152w, https:\/\/tuu.de\/wp-content\/uploads\/2022\/10\/IMG20221008001647-1536x2048.jpg 1536w, https:\/\/tuu.de\/wp-content\/uploads\/2022\/10\/IMG20221008001647-scaled.jpg 1920w\" sizes=\"auto, (max-width: 768px) 100vw, 768px\" \/><\/figure><\/li><li class=\"blocks-gallery-item\"><figure><img loading=\"lazy\" decoding=\"async\" width=\"1024\" height=\"768\" src=\"https:\/\/tuu.de\/wp-content\/uploads\/2022\/10\/IMG20221008001710-1024x768.jpg\" alt=\"\" data-id=\"517\" data-full-url=\"https:\/\/tuu.de\/wp-content\/uploads\/2022\/10\/IMG20221008001710-scaled.jpg\" data-link=\"https:\/\/tuu.de\/?attachment_id=517\" class=\"wp-image-517\" srcset=\"https:\/\/tuu.de\/wp-content\/uploads\/2022\/10\/IMG20221008001710-1024x768.jpg 1024w, https:\/\/tuu.de\/wp-content\/uploads\/2022\/10\/IMG20221008001710-300x225.jpg 300w, https:\/\/tuu.de\/wp-content\/uploads\/2022\/10\/IMG20221008001710-768x576.jpg 768w, https:\/\/tuu.de\/wp-content\/uploads\/2022\/10\/IMG20221008001710-1536x1152.jpg 1536w, https:\/\/tuu.de\/wp-content\/uploads\/2022\/10\/IMG20221008001710-2048x1536.jpg 2048w\" sizes=\"auto, (max-width: 1024px) 100vw, 1024px\" \/><\/figure><\/li><li class=\"blocks-gallery-item\"><figure><img loading=\"lazy\" decoding=\"async\" width=\"1024\" height=\"768\" src=\"https:\/\/tuu.de\/wp-content\/uploads\/2022\/10\/IMG20221008002244-1024x768.jpg\" alt=\"\" data-id=\"518\" data-full-url=\"https:\/\/tuu.de\/wp-content\/uploads\/2022\/10\/IMG20221008002244-scaled.jpg\" data-link=\"https:\/\/tuu.de\/?attachment_id=518\" class=\"wp-image-518\" srcset=\"https:\/\/tuu.de\/wp-content\/uploads\/2022\/10\/IMG20221008002244-1024x768.jpg 1024w, https:\/\/tuu.de\/wp-content\/uploads\/2022\/10\/IMG20221008002244-300x225.jpg 300w, https:\/\/tuu.de\/wp-content\/uploads\/2022\/10\/IMG20221008002244-768x576.jpg 768w, https:\/\/tuu.de\/wp-content\/uploads\/2022\/10\/IMG20221008002244-1536x1152.jpg 1536w, https:\/\/tuu.de\/wp-content\/uploads\/2022\/10\/IMG20221008002244-2048x1536.jpg 2048w\" sizes=\"auto, (max-width: 1024px) 100vw, 1024px\" \/><\/figure><\/li><\/ul><\/figure>\n\n\n\n<p><\/p>\n","protected":false},"excerpt":{"rendered":"<p>Wer hat sich nicht schon einmal \u00fcber eine kaputte Startbox ge\u00e4rgert. Reibscheibe kaputt, Batterie leer oder einfach nur schlecht eingestellte Arretierung. Hier sind mal ein&#8230;<\/p>\n","protected":false},"author":1,"featured_media":0,"parent":0,"menu_order":0,"comment_status":"closed","ping_status":"closed","template":"","meta":{"footnotes":""},"class_list":["post-512","page","type-page","status-publish","hentry"],"_links":{"self":[{"href":"https:\/\/tuu.de\/index.php?rest_route=\/wp\/v2\/pages\/512","targetHints":{"allow":["GET"]}}],"collection":[{"href":"https:\/\/tuu.de\/index.php?rest_route=\/wp\/v2\/pages"}],"about":[{"href":"https:\/\/tuu.de\/index.php?rest_route=\/wp\/v2\/types\/page"}],"author":[{"embeddable":true,"href":"https:\/\/tuu.de\/index.php?rest_route=\/wp\/v2\/users\/1"}],"replies":[{"embeddable":true,"href":"https:\/\/tuu.de\/index.php?rest_route=%2Fwp%2Fv2%2Fcomments&post=512"}],"version-history":[{"count":3,"href":"https:\/\/tuu.de\/index.php?rest_route=\/wp\/v2\/pages\/512\/revisions"}],"predecessor-version":[{"id":525,"href":"https:\/\/tuu.de\/index.php?rest_route=\/wp\/v2\/pages\/512\/revisions\/525"}],"wp:attachment":[{"href":"https:\/\/tuu.de\/index.php?rest_route=%2Fwp%2Fv2%2Fmedia&parent=512"}],"curies":[{"name":"wp","href":"https:\/\/api.w.org\/{rel}","templated":true}]}}