{"id":76,"date":"2020-01-20T19:29:09","date_gmt":"2020-01-20T18:29:09","guid":{"rendered":"https:\/\/tuu.de\/?page_id=76"},"modified":"2020-01-20T19:40:56","modified_gmt":"2020-01-20T18:40:56","slug":"motor-einlaufen","status":"publish","type":"page","link":"https:\/\/tuu.de\/?page_id=76","title":{"rendered":"Motor einlaufen"},"content":{"rendered":"\n<p>Jeder hat da so seine &#8222;geheime&#8220; Methode. In diesem Beitrag m\u00f6chte ich einige aufzeigen.<\/p>\n\n\n\n<h2 class=\"wp-block-heading\">Die \u00fcbliche Standardmethode<\/h2>\n\n\n\n<p>Der Motor ist gekauft und ins Auto eingebaut. Man sucht sich einen &#8222;stillen&#8220; Platz, um den Motor einlaufen zu lassen.<\/p>\n\n\n\n<p>Vorw\u00e4rmen nat\u00fcrlich auf vermeindliche 90 Grad. In Wirklichkeit sind es ca 60 -75 Grad, je nach Aussentemperatur. Der erste Versuch scheitert, da der Motor ja von Werk aus zu fett eingestellt ist. Also wird er &#8222;Oben&#8220; und &#8222;Unten&#8220; magerer gemacht. Jetz l\u00e4uft er im Stand. Der erste Tank wird durchgejagt. Bis dahin sind ca 1 Stunde vergangen.<\/p>\n\n\n\n<p>Hier scheiden sich die Geister schon. Der eine sagt, erst einmal einen Tag pausieren, damit die Teile richtig abk\u00fchlen und entspannen. Die andere Fraktion m\u00f6chte sofort weiter machen.<\/p>\n\n\n\n<p>Also der zweite Start mit leichten Gasgeben auf der Strecke oder Parkplatz. Rauffahren mit angezogener Bremse, zur\u00fcckfahren mit angezogener Bremse. Flux, schon wieder ne Stunde weg plus Anfahrtsweg.<br>Das geht so weiter mit jedem Tank ein bischen mehr Gas geben.<br>Am einfachsten die Fernsteuerung begrenzen auf 25% \/ 50% \/ 75% und dann 100%. Mittlerweile ist der Tag 2 rum und wenn alles gut gelaufen ist, hat man am Abend einen gut eingelaufen Motor.<\/p>\n\n\n\n<p>Insgesamt wird man dazu 1 oder 2 Tage (je nachdem) auf Strecke oder Parkplatz brauchen, plus ca 1 bis 2 Liter Sprit.<\/p>\n\n\n\n<h2 class=\"wp-block-heading\">F\u00fcr die ungeduldigen<\/h2>\n\n\n\n<p>Motor einbauen, Auto auf Startbox, Sprit rein, Vorw\u00e4rmen (wie oben beschrieben), los gehts. Nach dem Starten des Motors, wird vollgas gegeben. Die Drehzahl wird dann anhand des K\u00fcckens f\u00fcr den Oberen Bereich geregelt (fetter oder magerer) und dabei st\u00e4ndig die Temperatur gemessen. Dabei soll ein Wert zwischen 90 -100 Grad erreicht werden.<br>Das wird dann solange gemacht, bis der Motor im warmen Zustand nicht mehr klemmt. Dauert ca 15 &#8211; 30 Min. Anschlie\u00dfend ist Er einsatzbereit.<br>Man kann sich ausmalen, dass diese Methode extrem auf die Lebensdauer geht. Um kurzfristig f\u00fcrs Rennen gewappnet zu sein, sicherlich ad\u00e4quat, ansonsten nicht zu empfehlen.<\/p>\n\n\n\n<h2 class=\"wp-block-heading\">Eine moderne Methode<\/h2>\n\n\n\n<p>Vorweg, meiner Meinung nach eine unausgereifte Methode. Dazu sp\u00e4ter mehr.<br>Der Motor wird in einem \u00d6lbad erhitzt auf ca 90 Grad und anschlie\u00dfend zwischen 4 bis 8 Stunden durch einen Elektromotor angetrieben. Ziel soll sein, da\u00df die Komponenten auf einander eingelaufen werden und der Kolben in die Laufbuchse eingeschliffen wird, bis er nicht mehr klemmt.<br>Nun zu DEM Nachteil dieses Vorgangs.<br>Alle Teile werden an allen Reibstellen gleichermassen abgenutzt, was ein erh\u00f6htes Spiel an allen Teilen bildet. Die Lebensdauer des Motors verringert sich dadurch.<\/p>\n\n\n\n<h2 class=\"wp-block-heading\">Die &#8222;neue&#8220; moderne Methode<\/h2>\n\n\n\n<p>Findige Leute haben sich gedacht, warum wollen wir nicht eine Maschine bauen, die den Einlaufprozess automatisch simuliert?<br>Computergesteuert, mit Sensoren ausgestattet f\u00fcr Temperatur, Umdrehungszahl und Spritvorrat soll sie sein.<br>SMART BREAK IN wurde geboren.<br>Ein Computer, der all diese W\u00fcnsche erf\u00fcllt. In 4 Abschnitten wird der Motor wie auf der Rennbahn durch ein Programm simuliert eingelaufen. Dabei wird der erste Zyklus nur im Lehrlauf gemacht. Bei den weiteren Zyklen wird die Drehzahl mehr und mehr gesteigert. Durch die an der Kupplung angeschlossene Widerstandsmechanismus, wird der Motor unter Last eingelaufen, was den grossen Vorteil bringt, den realen Einfahrprozess nachempfunden zu bekommen.<br>Ein Bahnbesuch ist nicht mehr n\u00f6tig, um den langwierigen Prozess des Einlaufens zu vollziehen, sondern kann das getrost zu Hause machen. In k\u00fcrzester Zeit bekomme ich durch das &#8222;Smart Break in&#8220; System einen perfekt eingelaufenen Motor der lange Spass machen wird.<br><\/p>\n","protected":false},"excerpt":{"rendered":"<p>Jeder hat da so seine &#8222;geheime&#8220; Methode. In diesem Beitrag m\u00f6chte ich einige aufzeigen. Die \u00fcbliche Standardmethode Der Motor ist gekauft und ins Auto eingebaut&#8230;.<\/p>\n","protected":false},"author":1,"featured_media":0,"parent":39,"menu_order":0,"comment_status":"closed","ping_status":"closed","template":"","meta":{"footnotes":""},"class_list":["post-76","page","type-page","status-publish","hentry"],"_links":{"self":[{"href":"https:\/\/tuu.de\/index.php?rest_route=\/wp\/v2\/pages\/76","targetHints":{"allow":["GET"]}}],"collection":[{"href":"https:\/\/tuu.de\/index.php?rest_route=\/wp\/v2\/pages"}],"about":[{"href":"https:\/\/tuu.de\/index.php?rest_route=\/wp\/v2\/types\/page"}],"author":[{"embeddable":true,"href":"https:\/\/tuu.de\/index.php?rest_route=\/wp\/v2\/users\/1"}],"replies":[{"embeddable":true,"href":"https:\/\/tuu.de\/index.php?rest_route=%2Fwp%2Fv2%2Fcomments&post=76"}],"version-history":[{"count":16,"href":"https:\/\/tuu.de\/index.php?rest_route=\/wp\/v2\/pages\/76\/revisions"}],"predecessor-version":[{"id":93,"href":"https:\/\/tuu.de\/index.php?rest_route=\/wp\/v2\/pages\/76\/revisions\/93"}],"up":[{"embeddable":true,"href":"https:\/\/tuu.de\/index.php?rest_route=\/wp\/v2\/pages\/39"}],"wp:attachment":[{"href":"https:\/\/tuu.de\/index.php?rest_route=%2Fwp%2Fv2%2Fmedia&parent=76"}],"curies":[{"name":"wp","href":"https:\/\/api.w.org\/{rel}","templated":true}]}}